{"id":11,"date":"2021-01-17T22:13:02","date_gmt":"2021-01-17T22:13:02","guid":{"rendered":"http:\/\/www.route66-koeln.com\/66\/?page_id=11"},"modified":"2021-05-14T21:48:16","modified_gmt":"2021-05-14T21:48:16","slug":"ueber-uns","status":"publish","type":"page","link":"https:\/\/www.route66-koeln.com\/66\/","title":{"rendered":"Home"},"content":{"rendered":"\t\t<div data-elementor-type=\"wp-page\" data-elementor-id=\"11\" class=\"elementor elementor-11\" data-elementor-settings=\"[]\">\n\t\t\t\t\t\t<div class=\"elementor-inner\">\n\t\t\t\t\t\t\t<div class=\"elementor-section-wrap\">\n\t\t\t\t\t\t\t<section class=\"elementor-section elementor-top-section elementor-element elementor-element-c15966f elementor-section-full_width elementor-section-height-min-height elementor-section-height-default elementor-section-items-middle\" data-id=\"c15966f\" data-element_type=\"section\" data-settings=\"{&quot;background_background&quot;:&quot;slideshow&quot;,&quot;background_slideshow_gallery&quot;:[{&quot;id&quot;:787,&quot;url&quot;:&quot;http:\\\/\\\/www.route66-koeln.com\\\/66\\\/wp-content\\\/uploads\\\/2021\\\/03\\\/IMG_0095.jpg&quot;},{&quot;id&quot;:783,&quot;url&quot;:&quot;http:\\\/\\\/www.route66-koeln.com\\\/66\\\/wp-content\\\/uploads\\\/2021\\\/03\\\/fullsizeoutput_58f1.jpg&quot;},{&quot;id&quot;:779,&quot;url&quot;:&quot;http:\\\/\\\/www.route66-koeln.com\\\/66\\\/wp-content\\\/uploads\\\/2021\\\/03\\\/fullsizeoutput_3be0.jpg&quot;}],&quot;background_slideshow_slide_transition&quot;:&quot;slide_left&quot;,&quot;background_slideshow_transition_duration&quot;:900,&quot;background_slideshow_loop&quot;:&quot;yes&quot;,&quot;background_slideshow_slide_duration&quot;:5000}\">\n\t\t\t\t\t\t\t<div class=\"elementor-background-overlay\"><\/div>\n\t\t\t\t\t\t\t<div class=\"elementor-container elementor-column-gap-no\">\n\t\t\t\t\t\t\t<div class=\"elementor-row\">\n\t\t\t\t\t<div class=\"elementor-column elementor-col-100 elementor-top-column elementor-element elementor-element-148f82d\" data-id=\"148f82d\" data-element_type=\"column\">\n\t\t\t<div class=\"elementor-column-wrap elementor-element-populated\">\n\t\t\t\t\t\t\t<div class=\"elementor-widget-wrap\">\n\t\t\t\t\t\t<div class=\"elementor-element elementor-element-b9f5b95 elementor-widget elementor-widget-spacer\" data-id=\"b9f5b95\" data-element_type=\"widget\" data-widget_type=\"spacer.default\">\n\t\t\t\t<div class=\"elementor-widget-container\">\n\t\t\t\t\t<div class=\"elementor-spacer\">\n\t\t\t<div class=\"elementor-spacer-inner\"><\/div>\n\t\t<\/div>\n\t\t\t\t<\/div>\n\t\t\t\t<\/div>\n\t\t\t\t<div class=\"elementor-element elementor-element-a322f8e elementor-widget elementor-widget-heading\" data-id=\"a322f8e\" data-element_type=\"widget\" data-widget_type=\"heading.default\">\n\t\t\t\t<div class=\"elementor-widget-container\">\n\t\t\t<h2 class=\"elementor-heading-title elementor-size-default\">Classic & Sportscar<\/h2>\t\t<\/div>\n\t\t\t\t<\/div>\n\t\t\t\t<div class=\"elementor-element elementor-element-6da8243 elementor-align-center elementor-widget elementor-widget-button\" data-id=\"6da8243\" data-element_type=\"widget\" data-widget_type=\"button.default\">\n\t\t\t\t<div class=\"elementor-widget-container\">\n\t\t\t\t\t<div class=\"elementor-button-wrapper\">\n\t\t\t<a href=\"http:\/\/www.route66-koeln.com\/66\/kfz-angebote\/\" class=\"elementor-button-link elementor-button elementor-size-sm\" role=\"button\">\n\t\t\t\t\t\t<span class=\"elementor-button-content-wrapper\">\n\t\t\t\t\t\t<span class=\"elementor-button-text\">JETZT ENTDECKEN<\/span>\n\t\t<\/span>\n\t\t\t\t\t<\/a>\n\t\t<\/div>\n\t\t\t\t<\/div>\n\t\t\t\t<\/div>\n\t\t\t\t<div class=\"elementor-element elementor-element-759c005 elementor-widget elementor-widget-spacer\" data-id=\"759c005\" data-element_type=\"widget\" data-widget_type=\"spacer.default\">\n\t\t\t\t<div class=\"elementor-widget-container\">\n\t\t\t\t\t<div class=\"elementor-spacer\">\n\t\t\t<div class=\"elementor-spacer-inner\"><\/div>\n\t\t<\/div>\n\t\t\t\t<\/div>\n\t\t\t\t<\/div>\n\t\t\t\t<div class=\"elementor-element elementor-element-e90b209 elementor-widget elementor-widget-image\" data-id=\"e90b209\" data-element_type=\"widget\" data-widget_type=\"image.default\">\n\t\t\t\t<div class=\"elementor-widget-container\">\n\t\t\t\t\t\t\t\t<div class=\"elementor-image\">\n\t\t\t\t\t\t\t\t\t\t\t\t<img loading=\"lazy\" decoding=\"async\" width=\"716\" height=\"339\" src=\"https:\/\/www.route66-koeln.com\/66\/wp-content\/uploads\/2021\/05\/R66_Pfeil.png\" class=\"attachment-large size-large\" alt=\"\" srcset=\"https:\/\/www.route66-koeln.com\/66\/wp-content\/uploads\/2021\/05\/R66_Pfeil.png 716w, https:\/\/www.route66-koeln.com\/66\/wp-content\/uploads\/2021\/05\/R66_Pfeil-300x142.png 300w\" sizes=\"auto, (max-width: 716px) 100vw, 716px\" \/>\t\t\t\t\t\t\t\t\t\t\t\t\t\t<\/div>\n\t\t\t\t\t\t<\/div>\n\t\t\t\t<\/div>\n\t\t\t\t\t\t<\/div>\n\t\t\t\t\t<\/div>\n\t\t<\/div>\n\t\t\t\t\t\t\t\t<\/div>\n\t\t\t\t\t<\/div>\n\t\t<\/section>\n\t\t\t\t<section class=\"elementor-section elementor-top-section elementor-element elementor-element-9d61552 elementor-section-boxed elementor-section-height-default elementor-section-height-default\" data-id=\"9d61552\" data-element_type=\"section\">\n\t\t\t\t\t\t<div class=\"elementor-container elementor-column-gap-default\">\n\t\t\t\t\t\t\t<div class=\"elementor-row\">\n\t\t\t\t\t<div class=\"elementor-column elementor-col-100 elementor-top-column elementor-element elementor-element-3846f36\" data-id=\"3846f36\" data-element_type=\"column\">\n\t\t\t<div class=\"elementor-column-wrap elementor-element-populated\">\n\t\t\t\t\t\t\t<div class=\"elementor-widget-wrap\">\n\t\t\t\t\t\t<div class=\"elementor-element elementor-element-d6b08a6 elementor-widget elementor-widget-spacer\" data-id=\"d6b08a6\" data-element_type=\"widget\" data-widget_type=\"spacer.default\">\n\t\t\t\t<div class=\"elementor-widget-container\">\n\t\t\t\t\t<div class=\"elementor-spacer\">\n\t\t\t<div class=\"elementor-spacer-inner\"><\/div>\n\t\t<\/div>\n\t\t\t\t<\/div>\n\t\t\t\t<\/div>\n\t\t\t\t\t\t<\/div>\n\t\t\t\t\t<\/div>\n\t\t<\/div>\n\t\t\t\t\t\t\t\t<\/div>\n\t\t\t\t\t<\/div>\n\t\t<\/section>\n\t\t\t\t<section class=\"elementor-section elementor-top-section elementor-element elementor-element-7dc198e elementor-section-boxed elementor-section-height-default elementor-section-height-default\" data-id=\"7dc198e\" data-element_type=\"section\" data-settings=\"{&quot;background_background&quot;:&quot;classic&quot;}\">\n\t\t\t\t\t\t<div class=\"elementor-container elementor-column-gap-wide\">\n\t\t\t\t\t\t\t<div class=\"elementor-row\">\n\t\t\t\t\t<div class=\"elementor-column elementor-col-50 elementor-top-column elementor-element elementor-element-4438da1\" data-id=\"4438da1\" data-element_type=\"column\" data-settings=\"{&quot;background_background&quot;:&quot;classic&quot;}\">\n\t\t\t<div class=\"elementor-column-wrap elementor-element-populated\">\n\t\t\t\t\t\t\t<div class=\"elementor-widget-wrap\">\n\t\t\t\t\t\t<div class=\"elementor-element elementor-element-2b47b5e elementor-widget elementor-widget-image\" data-id=\"2b47b5e\" data-element_type=\"widget\" data-widget_type=\"image.default\">\n\t\t\t\t<div class=\"elementor-widget-container\">\n\t\t\t\t\t\t\t\t<div class=\"elementor-image\">\n\t\t\t\t\t\t\t\t\t\t\t\t<img loading=\"lazy\" decoding=\"async\" width=\"782\" height=\"1024\" src=\"https:\/\/www.route66-koeln.com\/66\/wp-content\/uploads\/2021\/03\/R66_Portrait_quadrat-782x1024.jpg\" class=\"attachment-large size-large\" alt=\"\" srcset=\"https:\/\/www.route66-koeln.com\/66\/wp-content\/uploads\/2021\/03\/R66_Portrait_quadrat-782x1024.jpg 782w, https:\/\/www.route66-koeln.com\/66\/wp-content\/uploads\/2021\/03\/R66_Portrait_quadrat-229x300.jpg 229w, https:\/\/www.route66-koeln.com\/66\/wp-content\/uploads\/2021\/03\/R66_Portrait_quadrat-768x1006.jpg 768w, https:\/\/www.route66-koeln.com\/66\/wp-content\/uploads\/2021\/03\/R66_Portrait_quadrat-1173x1536.jpg 1173w, https:\/\/www.route66-koeln.com\/66\/wp-content\/uploads\/2021\/03\/R66_Portrait_quadrat.jpg 1200w\" sizes=\"auto, (max-width: 782px) 100vw, 782px\" \/>\t\t\t\t\t\t\t\t\t\t\t\t\t\t<\/div>\n\t\t\t\t\t\t<\/div>\n\t\t\t\t<\/div>\n\t\t\t\t\t\t<\/div>\n\t\t\t\t\t<\/div>\n\t\t<\/div>\n\t\t\t\t<div class=\"elementor-column elementor-col-50 elementor-top-column elementor-element elementor-element-873700a\" data-id=\"873700a\" data-element_type=\"column\" data-settings=\"{&quot;background_background&quot;:&quot;classic&quot;}\">\n\t\t\t<div class=\"elementor-column-wrap elementor-element-populated\">\n\t\t\t\t\t\t\t<div class=\"elementor-widget-wrap\">\n\t\t\t\t\t\t<div class=\"elementor-element elementor-element-d84aba0 elementor-widget elementor-widget-heading\" data-id=\"d84aba0\" data-element_type=\"widget\" data-widget_type=\"heading.default\">\n\t\t\t\t<div class=\"elementor-widget-container\">\n\t\t\t<h2 class=\"elementor-heading-title elementor-size-default\">Unsere Philosophie<br>___<\/h2>\t\t<\/div>\n\t\t\t\t<\/div>\n\t\t\t\t<div class=\"elementor-element elementor-element-ea6704b elementor-widget elementor-widget-text-editor\" data-id=\"ea6704b\" data-element_type=\"widget\" data-widget_type=\"text-editor.default\">\n\t\t\t\t<div class=\"elementor-widget-container\">\n\t\t\t\t\t\t\t\t<div class=\"elementor-text-editor elementor-clearfix\">\n\t\t\t\t\t<p><em>\u201eIch suche nach dem Perfekten und schaue mir f\u00fcr meine\u00a0Kunden jedes Auto selbst an. Weltweit recherchiere ich, um qualitativ hochwertige Traumautos und vergessene Sch\u00e4tze im bestm\u00f6glichen Zustand anbieten zu k\u00f6nnen.&#8220;<\/em><\/p>\t\t\t\t\t<\/div>\n\t\t\t\t\t\t<\/div>\n\t\t\t\t<\/div>\n\t\t\t\t\t\t<\/div>\n\t\t\t\t\t<\/div>\n\t\t<\/div>\n\t\t\t\t\t\t\t\t<\/div>\n\t\t\t\t\t<\/div>\n\t\t<\/section>\n\t\t\t\t<section class=\"elementor-section elementor-top-section elementor-element elementor-element-c5b8b9f elementor-section-boxed elementor-section-height-default elementor-section-height-default\" data-id=\"c5b8b9f\" data-element_type=\"section\">\n\t\t\t\t\t\t<div class=\"elementor-container elementor-column-gap-default\">\n\t\t\t\t\t\t\t<div class=\"elementor-row\">\n\t\t\t\t\t<div class=\"elementor-column elementor-col-100 elementor-top-column elementor-element elementor-element-61ab12e\" data-id=\"61ab12e\" data-element_type=\"column\">\n\t\t\t<div class=\"elementor-column-wrap elementor-element-populated\">\n\t\t\t\t\t\t\t<div class=\"elementor-widget-wrap\">\n\t\t\t\t\t\t<div class=\"elementor-element elementor-element-9d15527 elementor-widget elementor-widget-spacer\" data-id=\"9d15527\" data-element_type=\"widget\" data-widget_type=\"spacer.default\">\n\t\t\t\t<div class=\"elementor-widget-container\">\n\t\t\t\t\t<div class=\"elementor-spacer\">\n\t\t\t<div class=\"elementor-spacer-inner\"><\/div>\n\t\t<\/div>\n\t\t\t\t<\/div>\n\t\t\t\t<\/div>\n\t\t\t\t\t\t<\/div>\n\t\t\t\t\t<\/div>\n\t\t<\/div>\n\t\t\t\t\t\t\t\t<\/div>\n\t\t\t\t\t<\/div>\n\t\t<\/section>\n\t\t\t\t<section class=\"elementor-section elementor-top-section elementor-element elementor-element-dc095bb elementor-section-content-top elementor-section-boxed elementor-section-height-default elementor-section-height-default\" data-id=\"dc095bb\" data-element_type=\"section\">\n\t\t\t\t\t\t<div class=\"elementor-container elementor-column-gap-default\">\n\t\t\t\t\t\t\t<div class=\"elementor-row\">\n\t\t\t\t\t<div class=\"elementor-column elementor-col-100 elementor-top-column elementor-element elementor-element-f83579b\" data-id=\"f83579b\" data-element_type=\"column\" data-settings=\"{&quot;background_background&quot;:&quot;classic&quot;}\">\n\t\t\t<div class=\"elementor-column-wrap elementor-element-populated\">\n\t\t\t\t\t\t\t<div class=\"elementor-widget-wrap\">\n\t\t\t\t\t\t<div class=\"elementor-element elementor-element-78fa0de elementor-widget elementor-widget-spacer\" data-id=\"78fa0de\" data-element_type=\"widget\" data-widget_type=\"spacer.default\">\n\t\t\t\t<div class=\"elementor-widget-container\">\n\t\t\t\t\t<div class=\"elementor-spacer\">\n\t\t\t<div class=\"elementor-spacer-inner\"><\/div>\n\t\t<\/div>\n\t\t\t\t<\/div>\n\t\t\t\t<\/div>\n\t\t\t\t<div class=\"elementor-element elementor-element-985da37 elementor-widget elementor-widget-heading\" data-id=\"985da37\" data-element_type=\"widget\" data-widget_type=\"heading.default\">\n\t\t\t\t<div class=\"elementor-widget-container\">\n\t\t\t<h2 class=\"elementor-heading-title elementor-size-default\">Hochkar\u00e4tige Sportwagen und Exoten seit \u00fcber 35 Jahren.<\/h2>\t\t<\/div>\n\t\t\t\t<\/div>\n\t\t\t\t<div class=\"elementor-element elementor-element-1810ad7 elementor-align-center elementor-widget elementor-widget-button\" data-id=\"1810ad7\" data-element_type=\"widget\" data-widget_type=\"button.default\">\n\t\t\t\t<div class=\"elementor-widget-container\">\n\t\t\t\t\t<div class=\"elementor-button-wrapper\">\n\t\t\t<a href=\"http:\/\/www.route66-koeln.com\/66\/ueber-uns-2\" class=\"elementor-button-link elementor-button elementor-size-sm\" role=\"button\">\n\t\t\t\t\t\t<span class=\"elementor-button-content-wrapper\">\n\t\t\t\t\t\t<span class=\"elementor-button-text\">MEHR ERFAHREN<\/span>\n\t\t<\/span>\n\t\t\t\t\t<\/a>\n\t\t<\/div>\n\t\t\t\t<\/div>\n\t\t\t\t<\/div>\n\t\t\t\t<div class=\"elementor-element elementor-element-f9b630e elementor-widget elementor-widget-spacer\" data-id=\"f9b630e\" data-element_type=\"widget\" data-widget_type=\"spacer.default\">\n\t\t\t\t<div class=\"elementor-widget-container\">\n\t\t\t\t\t<div class=\"elementor-spacer\">\n\t\t\t<div class=\"elementor-spacer-inner\"><\/div>\n\t\t<\/div>\n\t\t\t\t<\/div>\n\t\t\t\t<\/div>\n\t\t\t\t\t\t<\/div>\n\t\t\t\t\t<\/div>\n\t\t<\/div>\n\t\t\t\t\t\t\t\t<\/div>\n\t\t\t\t\t<\/div>\n\t\t<\/section>\n\t\t\t\t<section class=\"elementor-section elementor-top-section elementor-element elementor-element-4efb977 elementor-section-boxed elementor-section-height-default elementor-section-height-default\" data-id=\"4efb977\" data-element_type=\"section\">\n\t\t\t\t\t\t<div class=\"elementor-container elementor-column-gap-default\">\n\t\t\t\t\t\t\t<div class=\"elementor-row\">\n\t\t\t\t\t<div class=\"elementor-column elementor-col-50 elementor-top-column elementor-element elementor-element-74518ed\" data-id=\"74518ed\" data-element_type=\"column\">\n\t\t\t<div class=\"elementor-column-wrap elementor-element-populated\">\n\t\t\t\t\t\t\t<div class=\"elementor-widget-wrap\">\n\t\t\t\t\t\t<div class=\"elementor-element elementor-element-8f38e62 elementor-widget elementor-widget-image\" data-id=\"8f38e62\" data-element_type=\"widget\" data-widget_type=\"image.default\">\n\t\t\t\t<div class=\"elementor-widget-container\">\n\t\t\t\t\t\t\t\t<div class=\"elementor-image\">\n\t\t\t\t\t\t\t\t\t\t\t\t<img loading=\"lazy\" decoding=\"async\" width=\"1024\" height=\"658\" src=\"https:\/\/www.route66-koeln.com\/66\/wp-content\/uploads\/2021\/01\/uns05-1024x658.jpg\" class=\"attachment-large size-large\" alt=\"\" srcset=\"https:\/\/www.route66-koeln.com\/66\/wp-content\/uploads\/2021\/01\/uns05-1024x658.jpg 1024w, https:\/\/www.route66-koeln.com\/66\/wp-content\/uploads\/2021\/01\/uns05-300x193.jpg 300w, https:\/\/www.route66-koeln.com\/66\/wp-content\/uploads\/2021\/01\/uns05-768x494.jpg 768w, https:\/\/www.route66-koeln.com\/66\/wp-content\/uploads\/2021\/01\/uns05.jpg 1400w\" sizes=\"auto, (max-width: 1024px) 100vw, 1024px\" \/>\t\t\t\t\t\t\t\t\t\t\t\t\t\t<\/div>\n\t\t\t\t\t\t<\/div>\n\t\t\t\t<\/div>\n\t\t\t\t\t\t<\/div>\n\t\t\t\t\t<\/div>\n\t\t<\/div>\n\t\t\t\t<div class=\"elementor-column elementor-col-50 elementor-top-column elementor-element elementor-element-edcaada\" data-id=\"edcaada\" data-element_type=\"column\">\n\t\t\t<div class=\"elementor-column-wrap elementor-element-populated\">\n\t\t\t\t\t\t\t<div class=\"elementor-widget-wrap\">\n\t\t\t\t\t\t<div class=\"elementor-element elementor-element-ba2526b elementor-widget elementor-widget-image\" data-id=\"ba2526b\" data-element_type=\"widget\" data-widget_type=\"image.default\">\n\t\t\t\t<div class=\"elementor-widget-container\">\n\t\t\t\t\t\t\t\t<div class=\"elementor-image\">\n\t\t\t\t\t\t\t\t\t\t\t\t<img loading=\"lazy\" decoding=\"async\" width=\"1024\" height=\"658\" src=\"https:\/\/www.route66-koeln.com\/66\/wp-content\/uploads\/2021\/01\/uns09-1024x658.jpg\" class=\"attachment-large size-large\" alt=\"\" srcset=\"https:\/\/www.route66-koeln.com\/66\/wp-content\/uploads\/2021\/01\/uns09-1024x658.jpg 1024w, https:\/\/www.route66-koeln.com\/66\/wp-content\/uploads\/2021\/01\/uns09-300x193.jpg 300w, https:\/\/www.route66-koeln.com\/66\/wp-content\/uploads\/2021\/01\/uns09-768x494.jpg 768w, https:\/\/www.route66-koeln.com\/66\/wp-content\/uploads\/2021\/01\/uns09.jpg 1400w\" sizes=\"auto, (max-width: 1024px) 100vw, 1024px\" \/>\t\t\t\t\t\t\t\t\t\t\t\t\t\t<\/div>\n\t\t\t\t\t\t<\/div>\n\t\t\t\t<\/div>\n\t\t\t\t\t\t<\/div>\n\t\t\t\t\t<\/div>\n\t\t<\/div>\n\t\t\t\t\t\t\t\t<\/div>\n\t\t\t\t\t<\/div>\n\t\t<\/section>\n\t\t\t\t\t\t<\/div>\n\t\t\t\t\t\t<\/div>\n\t\t\t\t\t<\/div>\n\t\t","protected":false},"excerpt":{"rendered":"<p>Classic &amp; Sportscar JETZT ENTDECKEN Unsere Philosophie ___ \u201eIch suche nach dem Perfekten und schaue mir f\u00fcr meine&nbsp;Kunden jedes Auto selbst an. Weltweit recherchiere ich, um qualitativ hochwertige Traumautos und vergessene Sch\u00e4tze im bestm\u00f6glichen Zustand anbieten zu k\u00f6nnen.&#8220; Hochkar\u00e4tige Sportwagen und Exoten seit \u00fcber 35 Jahren. MEHR ERFAHREN<\/p>\n","protected":false},"author":1,"featured_media":0,"parent":0,"menu_order":0,"comment_status":"closed","ping_status":"closed","template":"","meta":{"footnotes":""},"class_list":["post-11","page","type-page","status-publish","hentry","entry"],"_links":{"self":[{"href":"https:\/\/www.route66-koeln.com\/66\/wp-json\/wp\/v2\/pages\/11","targetHints":{"allow":["GET"]}}],"collection":[{"href":"https:\/\/www.route66-koeln.com\/66\/wp-json\/wp\/v2\/pages"}],"about":[{"href":"https:\/\/www.route66-koeln.com\/66\/wp-json\/wp\/v2\/types\/page"}],"author":[{"embeddable":true,"href":"https:\/\/www.route66-koeln.com\/66\/wp-json\/wp\/v2\/users\/1"}],"replies":[{"embeddable":true,"href":"https:\/\/www.route66-koeln.com\/66\/wp-json\/wp\/v2\/comments?post=11"}],"version-history":[{"count":349,"href":"https:\/\/www.route66-koeln.com\/66\/wp-json\/wp\/v2\/pages\/11\/revisions"}],"predecessor-version":[{"id":1293,"href":"https:\/\/www.route66-koeln.com\/66\/wp-json\/wp\/v2\/pages\/11\/revisions\/1293"}],"wp:attachment":[{"href":"https:\/\/www.route66-koeln.com\/66\/wp-json\/wp\/v2\/media?parent=11"}],"curies":[{"name":"wp","href":"https:\/\/api.w.org\/{rel}","templated":true}]}}