{"id":15,"date":"2021-01-17T22:15:31","date_gmt":"2021-01-17T22:15:31","guid":{"rendered":"http:\/\/www.route66-koeln.com\/66\/?page_id=15"},"modified":"2021-05-15T10:51:14","modified_gmt":"2021-05-15T10:51:14","slug":"kfz-angebote","status":"publish","type":"page","link":"https:\/\/www.route66-koeln.com\/66\/kfz-angebote\/","title":{"rendered":"KFZ \u2013 Angebote"},"content":{"rendered":"\t\t<div data-elementor-type=\"wp-page\" data-elementor-id=\"15\" class=\"elementor elementor-15\" data-elementor-settings=\"[]\">\n\t\t\t\t\t\t<div class=\"elementor-inner\">\n\t\t\t\t\t\t\t<div class=\"elementor-section-wrap\">\n\t\t\t\t\t\t\t<section class=\"elementor-section elementor-top-section elementor-element elementor-element-c98b53b elementor-section-boxed elementor-section-height-default elementor-section-height-default\" data-id=\"c98b53b\" data-element_type=\"section\" data-settings=\"{&quot;background_background&quot;:&quot;classic&quot;}\">\n\t\t\t\t\t\t<div class=\"elementor-container elementor-column-gap-default\">\n\t\t\t\t\t\t\t<div class=\"elementor-row\">\n\t\t\t\t\t<div class=\"elementor-column elementor-col-100 elementor-top-column elementor-element elementor-element-266b3724\" data-id=\"266b3724\" data-element_type=\"column\">\n\t\t\t<div class=\"elementor-column-wrap elementor-element-populated\">\n\t\t\t\t\t\t\t<div class=\"elementor-widget-wrap\">\n\t\t\t\t\t\t<div class=\"elementor-element elementor-element-448e3a8 elementor-widget elementor-widget-spacer\" data-id=\"448e3a8\" data-element_type=\"widget\" data-widget_type=\"spacer.default\">\n\t\t\t\t<div class=\"elementor-widget-container\">\n\t\t\t\t\t<div class=\"elementor-spacer\">\n\t\t\t<div class=\"elementor-spacer-inner\"><\/div>\n\t\t<\/div>\n\t\t\t\t<\/div>\n\t\t\t\t<\/div>\n\t\t\t\t<div class=\"elementor-element elementor-element-b95740b elementor-widget elementor-widget-heading\" data-id=\"b95740b\" data-element_type=\"widget\" data-widget_type=\"heading.default\">\n\t\t\t\t<div class=\"elementor-widget-container\">\n\t\t\t<h2 class=\"elementor-heading-title elementor-size-medium\">UNSERE ANGEBOTE<\/h2>\t\t<\/div>\n\t\t\t\t<\/div>\n\t\t\t\t<div class=\"elementor-element elementor-element-10bbc68 elementor-widget elementor-widget-text-editor\" data-id=\"10bbc68\" data-element_type=\"widget\" data-widget_type=\"text-editor.default\">\n\t\t\t\t<div class=\"elementor-widget-container\">\n\t\t\t\t\t\t\t\t<div class=\"elementor-text-editor elementor-clearfix\">\n\t\t\t\t\t<p style=\"text-align: center;\">Classic &amp; Sportscars<\/p>\t\t\t\t\t<\/div>\n\t\t\t\t\t\t<\/div>\n\t\t\t\t<\/div>\n\t\t\t\t<div class=\"elementor-element elementor-element-b95d949 elementor-widget elementor-widget-text-editor\" data-id=\"b95d949\" data-element_type=\"widget\" data-widget_type=\"text-editor.default\">\n\t\t\t\t<div class=\"elementor-widget-container\">\n\t\t\t\t\t\t\t\t<div class=\"elementor-text-editor elementor-clearfix\">\n\t\t\t\t\t<p style=\"text-align: center;\">Wir als Gro\u00df- und Einzelh\u00e4ndler bieten eine st\u00e4ndige Auswahl von Fahrzeugen wie Corvette, Cadillac, Chevrolet, Dodge, BMW, Audi, Mercedes, Porsche, Harley Davidson, Maserati, Ferrari etc. f\u00fcr unsere Kunden an.<\/p>\t\t\t\t\t<\/div>\n\t\t\t\t\t\t<\/div>\n\t\t\t\t<\/div>\n\t\t\t\t<div class=\"elementor-element elementor-element-e71cb9a elementor-widget elementor-widget-wp-widget-wwm-mobilede\" data-id=\"e71cb9a\" data-element_type=\"widget\" data-widget_type=\"wp-widget-wwm-mobilede.default\">\n\t\t\t\t<div class=\"elementor-widget-container\">\n\t\t\t<div class=\"wwm-mobilede-filterbox\"><form name=\"wwm_mobilede_form\" id=\"wwm_mobilede_form\" action=\"https:\/\/www.route66-koeln.com\/66\/kfz-angebote\/?w_filter=1&w_view=\" method=\"post\" enctype=\"multipart\/form-data\"><div class=\"wwm-mobilede-admin-grid\"><div class=\"wwm-mobilede-admin-griditem\"><div class=\"wwm_mobilede_select_wrapper\"><select name=\"w_filtermake\"><option value=\"Alle\">Alle Marken<\/option><option  value=\"Aston Martin\">Aston Martin (3)<\/option><option  value=\"BMW\">BMW (1)<\/option><option  value=\"Dodge\">Dodge (1)<\/option><option  value=\"Ferrari\">Ferrari (2)<\/option><option  value=\"Ford\">Ford (1)<\/option><option  value=\"GMC\">GMC (1)<\/option><option  value=\"Harley-Davidson\">Harley-Davidson (1)<\/option><option  value=\"Hummer\">Hummer (1)<\/option><option  value=\"Jaguar\">Jaguar (2)<\/option><option  value=\"Jeep\">Jeep (1)<\/option><option  value=\"Mercedes-Benz\">Mercedes-Benz (3)<\/option><option  value=\"Porsche\">Porsche (2)<\/option><option  value=\"Volkswagen\">Volkswagen (4)<\/option><\/select><\/div><\/div><div class=\"wwm-mobilede-admin-griditem\"><div class=\"wwm_mobilede_select_wrapper\"><select disabled name=\"w_filtermodel\"><option value=\"Alle\">Modell: W\u00e4hlen Sie zun\u00e4chst eine Marke<\/option><\/select><\/div><\/div><div class=\"wwm-mobilede-admin-griditem\"><div class=\"wwm_mobilede_select_wrapper\"><select name=\"w_filtergear\"><option value=\"Alle\">Alle Getriebearten<\/option><option  value=\"Automatik\">Automatik (18)<\/option><option  value=\"Schaltgetriebe\">Schaltgetriebe (5)<\/option><\/select><\/div><\/div><div class=\"wwm-mobilede-admin-griditem\"><div class=\"wwm_mobilede_select_wrapper\"><select name=\"w_filterexteriorcolor\"><option value=\"Alle\">Alle Farben<\/option><option  value=\"Blau\">Blau (1)<\/option><option  value=\"Grau\">Grau (4)<\/option><option  value=\"Rot\">Rot (2)<\/option><option  value=\"Schwarz\">Schwarz (10)<\/option><option  value=\"Silber\">Silber (3)<\/option><option  value=\"Wei\u00df\">Wei\u00df (2)<\/option><\/select><\/div><\/div><div class=\"wwm-mobilede-admin-griditem\"><div class=\"wwm_mobilede_select_wrapper\"><select name=\"w_filtercategory\"><option value=\"Alle\">Alle Kategorien<\/option><option  value=\"Cabrio\">Cabrio\/Roadster (4)<\/option><option  value=\"Limousine\">Limousine (2)<\/option><option  value=\"Motorcycle\">Motorrad (1)<\/option><option  value=\"OffRoad\">Gel\u00e4ndewagen\/Pickup (4)<\/option><option  value=\"SportsCar\">Sportwagen\/Coup\u00e9 (10)<\/option><option  value=\"Van\">Van\/Kleinbus (2)<\/option><\/select><\/div><\/div><div class=\"wwm-mobilde-admin-griditem\"><div class=\"wwm_mobilede_select_wrapper\"><select name=\"w_filtersort\"><option value=\"Titel (A-Z)\">Titel (aufsteigend)<\/option><option value=\"Titel (Z-A)\">Titel (absteigend)<\/option><option value=\"Datum (neueste zuerst)\">Datum (aufsteigend)<\/option><option value=\"Datum (\u00e4lteste zuerst)\">Datum (absteigend)<\/option><option value=\"Preis (auf)\">Preis (aufsteigend)<\/option><option value=\"Preis (ab)\">Preis (absteigend)<\/option><option value=\"Erstzulassung (auf)\">Erstzulassung (aufsteigend)<\/option><option value=\"Erstzulassung (ab)\">Erstzulassung (absteigend)<\/option><\/select><\/div><\/div><div class=\"wwm-mobilde-admin-griditem\"><div class=\"wwm_mobilede_input_wrapper\"><input type=\"text\" placeholder=\"Fahrzeug-ID (mobile.de)\" name=\"w_filterid\" value=\"\"><\/div><\/div><div class=\"wwm-mobilde-admin-griditem\"><button class=\"button\" type=\"submit\"><i class=\"la la-search-plus\"><\/i> Treffer anzeigen<\/button>&nbsp;&nbsp;&nbsp;<a title=\"Filter zur&uuml;cksetzen\" href=\"https:\/\/www.route66-koeln.com\/66\/kfz-angebote\/\" class=\"button\"><i class=\"la la-close\"><\/i><\/a><\/div><\/div><\/form><\/div><div class=\"wwm-mobilede-grid\"><div class=\"wwm-mobilede-griditem\"><a title=\"Details anzeigen\" href=\"https:\/\/www.route66-koeln.com\/66\/kfz-angebote\/?w_item=434346053&w_obj=Ferrari-348-Spider--Gro%C3%9Fer-Service-Neu%2CH-Zul--Top%2CSpeedl\" target=\"_self\"><div class=\"overviewimage\" style=\"background-image:url(https:\/\/img.classistatic.de\/api\/v1\/mo-prod\/images\/e3\/e3c9622f-d970-4f11-aae5-7860661499fb?rule=mo-640.jpg);\"><\/div><\/a><div class=\"wwm-mobilede-buttondetails\"><a title=\"Details anzeigen\" href=\"https:\/\/www.route66-koeln.com\/66\/kfz-angebote\/?w_item=434346053&w_obj=Ferrari-348-Spider--Gro%C3%9Fer-Service-Neu%2CH-Zul--Top%2CSpeedl\" target=\"_self\"><i class=\"la la-arrow-circle-o-right\"><\/i> Details<\/a><\/div><div class=\"wwm-mobilede-content\"><h4>Ferrari 348 Spider  Gro\u00dfer Service Neu,H-Zul. Top,Speedl<\/h4><strong>109.500,00 EUR<\/strong><br \/>Mehrwertsteuer nicht ausweisbar<\/div><\/div><div class=\"wwm-mobilede-griditem\"><a title=\"Details anzeigen\" href=\"https:\/\/www.route66-koeln.com\/66\/kfz-angebote\/?w_item=443965202&w_obj=Ferrari-400i--Aut--Vollleder-Beige%2C-TOP-Angebot\" target=\"_self\"><div class=\"overviewimage\" style=\"background-image:url(https:\/\/img.classistatic.de\/api\/v1\/mo-prod\/images\/ba\/baa0e563-9567-4f3f-a637-2b1a49d8cc5a?rule=mo-640.jpg);\"><\/div><\/a><div class=\"wwm-mobilede-buttondetails\"><a title=\"Details anzeigen\" href=\"https:\/\/www.route66-koeln.com\/66\/kfz-angebote\/?w_item=443965202&w_obj=Ferrari-400i--Aut--Vollleder-Beige%2C-TOP-Angebot\" target=\"_self\"><i class=\"la la-arrow-circle-o-right\"><\/i> Details<\/a><\/div><div class=\"wwm-mobilede-content\"><h4>Ferrari 400i. Aut. Vollleder Beige, TOP Angebot<\/h4><strong>37.800,00 EUR<\/strong><br \/>Mehrwertsteuer nicht ausweisbar<\/div><\/div><div class=\"wwm-mobilede-griditem\"><a title=\"Details anzeigen\" href=\"https:\/\/www.route66-koeln.com\/66\/kfz-angebote\/?w_item=444913654&w_obj=Porsche-997-Turbo-Cabrio-NP-%C3%BCber-200T%E2%82%AC-Unikat-Einmalig\" target=\"_self\"><div class=\"overviewimage\" style=\"background-image:url(https:\/\/img.classistatic.de\/api\/v1\/mo-prod\/images\/20\/20be7e1e-aa3e-4fce-9ce4-c4f1c0fbbe22?rule=mo-640.jpg);\"><\/div><\/a><div class=\"wwm-mobilede-buttondetails\"><a title=\"Details anzeigen\" href=\"https:\/\/www.route66-koeln.com\/66\/kfz-angebote\/?w_item=444913654&w_obj=Porsche-997-Turbo-Cabrio-NP-%C3%BCber-200T%E2%82%AC-Unikat-Einmalig\" target=\"_self\"><i class=\"la la-arrow-circle-o-right\"><\/i> Details<\/a><\/div><div class=\"wwm-mobilede-content\"><h4>Porsche 997 Turbo Cabrio.NP.\u00fcber 200T\u20ac Unikat.Einmalig<\/h4><strong>109.500,00 EUR<\/strong><br \/>Mehrwertsteuer nicht ausweisbar<\/div><\/div><div class=\"wwm-mobilede-griditem\"><a title=\"Details anzeigen\" href=\"https:\/\/www.route66-koeln.com\/66\/kfz-angebote\/?w_item=448768505&w_obj=Volkswagen-Beetle-2-0-DSG--Sport-Voll--Abs-Unikat-nur-550km\" target=\"_self\"><div class=\"overviewimage\" style=\"background-image:url(https:\/\/img.classistatic.de\/api\/v1\/mo-prod\/images\/d3\/d3b3f2ac-a7f4-48ed-816a-f1ce39900457?rule=mo-640.jpg);\"><\/div><\/a><div class=\"wwm-mobilede-buttondetails\"><a title=\"Details anzeigen\" href=\"https:\/\/www.route66-koeln.com\/66\/kfz-angebote\/?w_item=448768505&w_obj=Volkswagen-Beetle-2-0-DSG--Sport-Voll--Abs-Unikat-nur-550km\" target=\"_self\"><i class=\"la la-arrow-circle-o-right\"><\/i> Details<\/a><\/div><div class=\"wwm-mobilede-content\"><h4>Volkswagen Beetle 2.0 DSG. Sport.Voll. Abs.Unikat.nur 550km<\/h4><strong>47.900,00 EUR<\/strong><br \/>Mehrwertsteuer nicht ausweisbar<\/div><\/div><div class=\"wwm-mobilede-griditem\"><a title=\"Details anzeigen\" href=\"https:\/\/www.route66-koeln.com\/66\/kfz-angebote\/?w_item=440806746&w_obj=Mercedes-Benz-CL-55-AMG-Kompressor-%2CNeuzustand-1-Lack-58900km%2C\" target=\"_self\"><div class=\"overviewimage\" style=\"background-image:url(https:\/\/img.classistatic.de\/api\/v1\/mo-prod\/images\/26\/264b6406-5bb7-4e7f-a2ef-a7780d253b6e?rule=mo-640.jpg);\"><\/div><\/a><div class=\"wwm-mobilede-buttondetails\"><a title=\"Details anzeigen\" href=\"https:\/\/www.route66-koeln.com\/66\/kfz-angebote\/?w_item=440806746&w_obj=Mercedes-Benz-CL-55-AMG-Kompressor-%2CNeuzustand-1-Lack-58900km%2C\" target=\"_self\"><i class=\"la la-arrow-circle-o-right\"><\/i> Details<\/a><\/div><div class=\"wwm-mobilede-content\"><h4>Mercedes-Benz CL 55 AMG Kompressor ,Neuzustand.1.Lack.58900km,<\/h4><strong>37.900,00 EUR<\/strong><br \/>inklusive 19% Mehrwersteuer<br \/>Errechneter Nettobetrag: 31.848,74<\/div><\/div><div class=\"wwm-mobilede-griditem\"><a title=\"Details anzeigen\" href=\"https:\/\/www.route66-koeln.com\/66\/kfz-angebote\/?w_item=434557609&w_obj=Porsche-Cayman-S-Einzelst%C3%BCck-RSR--org-9700km-T%C3%9CV--Unikat\" target=\"_self\"><div class=\"overviewimage\" style=\"background-image:url(https:\/\/img.classistatic.de\/api\/v1\/mo-prod\/images\/b3\/b3b982c2-b252-4c76-b7c5-8f4f35c0dac2?rule=mo-640.jpg);\"><\/div><\/a><div class=\"wwm-mobilede-buttondetails\"><a title=\"Details anzeigen\" href=\"https:\/\/www.route66-koeln.com\/66\/kfz-angebote\/?w_item=434557609&w_obj=Porsche-Cayman-S-Einzelst%C3%BCck-RSR--org-9700km-T%C3%9CV--Unikat\" target=\"_self\"><i class=\"la la-arrow-circle-o-right\"><\/i> Details<\/a><\/div><div class=\"wwm-mobilede-content\"><h4>Porsche Cayman S Einzelst\u00fcck RSR .org 9700km T\u00dcV. Unikat<\/h4><strong>69.800,00 EUR<\/strong><br \/>Mehrwertsteuer nicht ausweisbar<\/div><\/div><div class=\"wwm-mobilede-griditem\"><a title=\"Details anzeigen\" href=\"https:\/\/www.route66-koeln.com\/66\/kfz-angebote\/?w_item=453475745&w_obj=Dodge-Challenger-V6-Aut-Clean-Carfax-seit-2014-in-BRD\" target=\"_self\"><div class=\"overviewimage\" style=\"background-image:url(https:\/\/img.classistatic.de\/api\/v1\/mo-prod\/images\/0b\/0b45ec05-da0b-4a27-91ba-8c59dce3d946?rule=mo-640.jpg);\"><\/div><\/a><div class=\"wwm-mobilede-buttondetails\"><a title=\"Details anzeigen\" href=\"https:\/\/www.route66-koeln.com\/66\/kfz-angebote\/?w_item=453475745&w_obj=Dodge-Challenger-V6-Aut-Clean-Carfax-seit-2014-in-BRD\" target=\"_self\"><i class=\"la la-arrow-circle-o-right\"><\/i> Details<\/a><\/div><div class=\"wwm-mobilede-content\"><h4>Dodge Challenger V6.Aut.Clean Carfax.seit 2014 in BRD<\/h4><strong>11.995,00 EUR<\/strong><br \/>Mehrwertsteuer nicht ausweisbar<\/div><\/div><div class=\"wwm-mobilede-griditem\"><a title=\"Details anzeigen\" href=\"https:\/\/www.route66-koeln.com\/66\/kfz-angebote\/?w_item=434345368&w_obj=Harley-Davidson-FLSTCI-Heritage-Classic-100th-Jubi-5HD-org-980km\" target=\"_self\"><div class=\"overviewimage\" style=\"background-image:url(https:\/\/img.classistatic.de\/api\/v1\/mo-prod\/images\/08\/0848face-1c48-4c40-b788-48a1208cc0b3?rule=mo-640.jpg);\"><\/div><\/a><div class=\"wwm-mobilede-buttondetails\"><a title=\"Details anzeigen\" href=\"https:\/\/www.route66-koeln.com\/66\/kfz-angebote\/?w_item=434345368&w_obj=Harley-Davidson-FLSTCI-Heritage-Classic-100th-Jubi-5HD-org-980km\" target=\"_self\"><i class=\"la la-arrow-circle-o-right\"><\/i> Details<\/a><\/div><div class=\"wwm-mobilede-content\"><h4>Harley-Davidson FLSTCI Heritage Classic 100th.Jubi.5HD org.980km<\/h4><strong>15.990,00 EUR<\/strong><br \/>Mehrwertsteuer nicht ausweisbar<\/div><\/div><div class=\"wwm-mobilede-griditem\"><a title=\"Details anzeigen\" href=\"https:\/\/www.route66-koeln.com\/66\/kfz-angebote\/?w_item=453689200&w_obj=Mercedes-Benz-G-63-AMG-Edition-463-Dt-Auto-2-Hd-Voll-Brabus-22\" target=\"_self\"><div class=\"overviewimage\" style=\"background-image:url(https:\/\/img.classistatic.de\/api\/v1\/mo-prod\/images\/da\/dae8d22d-9631-41f6-8557-5f59757347cb?rule=mo-640.jpg);\"><\/div><\/a><div class=\"wwm-mobilede-buttondetails\"><a title=\"Details anzeigen\" href=\"https:\/\/www.route66-koeln.com\/66\/kfz-angebote\/?w_item=453689200&w_obj=Mercedes-Benz-G-63-AMG-Edition-463-Dt-Auto-2-Hd-Voll-Brabus-22\" target=\"_self\"><i class=\"la la-arrow-circle-o-right\"><\/i> Details<\/a><\/div><div class=\"wwm-mobilede-content\"><h4>Mercedes-Benz G 63 AMG Edition 463.Dt.Auto.2.Hd.Voll.Brabus 22<\/h4><strong>57.900,00 EUR<\/strong><br \/>Mehrwertsteuer nicht ausweisbar<\/div><\/div><\/div><div class=\"rowwwm\"><section class=\"col_nm_12\"><article><div class=\"wwm-mobilede-paginationbox\">Anzahl Fahrzeuge: <strong>23<\/strong> | Seite <strong>1<\/strong> von <strong>3<\/strong><br \/><a class=\"button active\">1<\/a>&nbsp;<a href=\"https:\/\/www.route66-koeln.com\/66\/kfz-angebote\/?w_adpage=2&w_view=\" class=\"button\">2<\/a>&nbsp;<a href=\"https:\/\/www.route66-koeln.com\/66\/kfz-angebote\/?w_adpage=3&w_view=\" class=\"button\">3<\/a>&nbsp;<\/div><\/article><\/section><\/div>\t\t<\/div>\n\t\t\t\t<\/div>\n\t\t\t\t\t\t<\/div>\n\t\t\t\t\t<\/div>\n\t\t<\/div>\n\t\t\t\t\t\t\t\t<\/div>\n\t\t\t\t\t<\/div>\n\t\t<\/section>\n\t\t\t\t\t\t<\/div>\n\t\t\t\t\t\t<\/div>\n\t\t\t\t\t<\/div>\n\t\t","protected":false},"excerpt":{"rendered":"<p>UNSERE ANGEBOTE Classic &amp; Sportscars Wir als Gro\u00df- und Einzelh\u00e4ndler bieten eine st\u00e4ndige Auswahl von Fahrzeugen wie Corvette, Cadillac, Chevrolet, Dodge, BMW, Audi, Mercedes, Porsche, Harley Davidson, Maserati, Ferrari etc. f\u00fcr unsere Kunden an.<\/p>\n","protected":false},"author":1,"featured_media":0,"parent":0,"menu_order":0,"comment_status":"closed","ping_status":"closed","template":"","meta":{"footnotes":""},"class_list":["post-15","page","type-page","status-publish","hentry","entry"],"_links":{"self":[{"href":"https:\/\/www.route66-koeln.com\/66\/wp-json\/wp\/v2\/pages\/15","targetHints":{"allow":["GET"]}}],"collection":[{"href":"https:\/\/www.route66-koeln.com\/66\/wp-json\/wp\/v2\/pages"}],"about":[{"href":"https:\/\/www.route66-koeln.com\/66\/wp-json\/wp\/v2\/types\/page"}],"author":[{"embeddable":true,"href":"https:\/\/www.route66-koeln.com\/66\/wp-json\/wp\/v2\/users\/1"}],"replies":[{"embeddable":true,"href":"https:\/\/www.route66-koeln.com\/66\/wp-json\/wp\/v2\/comments?post=15"}],"version-history":[{"count":85,"href":"https:\/\/www.route66-koeln.com\/66\/wp-json\/wp\/v2\/pages\/15\/revisions"}],"predecessor-version":[{"id":1323,"href":"https:\/\/www.route66-koeln.com\/66\/wp-json\/wp\/v2\/pages\/15\/revisions\/1323"}],"wp:attachment":[{"href":"https:\/\/www.route66-koeln.com\/66\/wp-json\/wp\/v2\/media?parent=15"}],"curies":[{"name":"wp","href":"https:\/\/api.w.org\/{rel}","templated":true}]}}